{"id":42,"date":"2023-09-25T22:03:13","date_gmt":"2023-09-25T20:03:13","guid":{"rendered":"https:\/\/www.open-source-solutions.de\/pier19\/?page_id=42"},"modified":"2023-09-25T22:03:13","modified_gmt":"2023-09-25T20:03:13","slug":"anfahrt","status":"publish","type":"page","link":"https:\/\/www.camping-steinhuder-meer.de\/pier19\/anfahrt\/","title":{"rendered":"Anfahrt"},"content":{"rendered":"<div class=\"paragraph\">\n<p>So erreichen Sie Steg N 19\/Pier 19 und Bootssteg N 22:<br \/>\nDie Zufahrt zu den Stegen erfolgt \u00fcber die Einfahrt zum Campingplatz.<br \/>\nDiese wurde vom Erlenweg zum Weidenbruchsweg verlegt.<br \/>\nDie neue Einfahrt zum Campingplatz und zu den Bootsstegen hat die Koordinaten<br \/>\n52\u00b0 29&#8242; 25,1&#8242; N; 9\u00b0 19&#8242; 15,0&#8220; E.<br \/>\nReservierte Parkpl\u00e4tze f\u00fcr die Bootslieger beider Stege sind \u00fcber den Weidenbruchsweg erreichbar.<br \/>\nBootslieger erhalten Parkkarten an der Rezeption des Campingplatzes.<\/p>\n<\/div>\n<div class=\"paragraph\">\n<p>Wenn Sie von Westen \u00fcber die Autobahn A2 kommen, fahren Sie von der Abfahrt Porta Westfalica auf die B 482 in Richtung Nienburg vorbei am weit sichtbaren Kraftwerk Petershagen. Einige Kilometer hinter dem Kraftwerk biegen Sie am wei\u00dfen Schild &#8222;Steinhuder Meer&#8220; rechts ab in Richtung Loccum. Vorbei am Kloster Loccum an der Ampelkreuzung fahren Sie geradeaus \u00fcber die Kreuzung nach Rehburg. In Rehburg an der Kreuzung vom Supermarkt biegen sie links ab, fahren durch den Ortskern und biegen kurz nach der Esso-Tankstelle rechts ab in Richtung Mardorf.<br \/>\nIn Mardorf biegen Sie nach Durchfahrt des Ortskernes kurz nach dem Bauernhofcafe nach rechts in die Meerstra\u00dfe, vorbei an dem Seglerfachhandel und Werft-Service FSA Segelsport. Nach gut einem Kilometer fahren Sie rechts ab zum Parkplatz des Campingplatzes (Schild Campingplatz Mardorf).<\/p>\n<p>Wir w\u00fcnschen Ihnen eine stressfreie und gute Anfahrt !!!<\/p>\n<\/div>\n","protected":false},"excerpt":{"rendered":"<p>So erreichen Sie Steg N 19\/Pier 19 und Bootssteg N 22: Die Zufahrt zu den Stegen erfolgt \u00fcber die Einfahrt zum Campingplatz. Diese wurde vom Erlenweg zum Weidenbruchsweg verlegt. Die neue Einfahrt zum Campingplatz und zu den Bootsstegen hat die Koordinaten 52\u00b0 29&#8242; 25,1&#8242; N; 9\u00b0 19&#8242; 15,0&#8220; E. Reservierte Parkpl\u00e4tze f\u00fcr die Bootslieger beider &hellip; <a href=\"https:\/\/www.camping-steinhuder-meer.de\/pier19\/anfahrt\/\" class=\"more-link\">Continue reading<span class=\"screen-reader-text\"> &#8222;Anfahrt&#8220;<\/span><\/a><\/p>\n","protected":false},"author":1,"featured_media":0,"parent":0,"menu_order":0,"comment_status":"closed","ping_status":"closed","template":"","meta":{"footnotes":""},"class_list":["post-42","page","type-page","status-publish","hentry"],"_links":{"self":[{"href":"https:\/\/www.camping-steinhuder-meer.de\/pier19\/wp-json\/wp\/v2\/pages\/42","targetHints":{"allow":["GET"]}}],"collection":[{"href":"https:\/\/www.camping-steinhuder-meer.de\/pier19\/wp-json\/wp\/v2\/pages"}],"about":[{"href":"https:\/\/www.camping-steinhuder-meer.de\/pier19\/wp-json\/wp\/v2\/types\/page"}],"author":[{"embeddable":true,"href":"https:\/\/www.camping-steinhuder-meer.de\/pier19\/wp-json\/wp\/v2\/users\/1"}],"replies":[{"embeddable":true,"href":"https:\/\/www.camping-steinhuder-meer.de\/pier19\/wp-json\/wp\/v2\/comments?post=42"}],"version-history":[{"count":0,"href":"https:\/\/www.camping-steinhuder-meer.de\/pier19\/wp-json\/wp\/v2\/pages\/42\/revisions"}],"wp:attachment":[{"href":"https:\/\/www.camping-steinhuder-meer.de\/pier19\/wp-json\/wp\/v2\/media?parent=42"}],"curies":[{"name":"wp","href":"https:\/\/api.w.org\/{rel}","templated":true}]}}